{"id":9131,"date":"2025-04-11T17:53:53","date_gmt":"2025-04-11T16:53:53","guid":{"rendered":"https:\/\/stg-drivesimsimulatorcom-y090425.kinsta.cloud\/?page_id=9131"},"modified":"2025-07-03T01:48:28","modified_gmt":"2025-07-02T23:48:28","slug":"precios","status":"publish","type":"page","link":"https:\/\/drivesimsimulator.com\/de\/precios\/","title":{"rendered":"Preise"},"content":{"rendered":"<div data-elementor-type=\"wp-page\" data-elementor-id=\"9131\" class=\"elementor elementor-9131\" data-elementor-post-type=\"page\">\n\t\t\t\t<div class=\"elementor-element elementor-element-573b7b4 e-flex e-con-boxed e-con e-parent\" data-id=\"573b7b4\" data-element_type=\"container\">\n\t\t\t\t\t<div class=\"e-con-inner\">\n\t\t<div class=\"elementor-element elementor-element-f253d03 e-con-full e-flex e-con e-child\" data-id=\"f253d03\" data-element_type=\"container\">\n\t\t\t\t<div class=\"elementor-element elementor-element-949c0a6 elementor-widget elementor-widget-heading\" data-id=\"949c0a6\" data-element_type=\"widget\" data-widget_type=\"heading.default\">\n\t\t\t\t<div class=\"elementor-widget-container\">\n\t\t\t\t\t<h6 class=\"elementor-heading-title elementor-size-default\">Drivesim - Preisgestaltung<\/h6>\t\t\t\t<\/div>\n\t\t\t\t<\/div>\n\t\t\t\t<div class=\"elementor-element elementor-element-dce67d7 elementor-widget elementor-widget-heading\" data-id=\"dce67d7\" data-element_type=\"widget\" data-widget_type=\"heading.default\">\n\t\t\t\t<div class=\"elementor-widget-container\">\n\t\t\t\t\t<h1 class=\"elementor-heading-title elementor-size-default\">Soluciones flexibles para cada necesidad de formaci\u00f3n vial<\/h1>\t\t\t\t<\/div>\n\t\t\t\t<\/div>\n\t\t\t\t<div class=\"elementor-element elementor-element-71e46d6 elementor-widget elementor-widget-text-editor\" data-id=\"71e46d6\" data-element_type=\"widget\" data-widget_type=\"text-editor.default\">\n\t\t\t\t<div class=\"elementor-widget-container\">\n\t\t\t\t\t\t\t\t\t<p>Wir von DriveSim entwickeln flexible Tarife, die Ihren Bed\u00fcrfnissen entsprechen, ohne Kleingedrucktes und ohne \u00dcberraschungen. Sie haben die Wahl zwischen monatlichen Lizenzen, verg\u00fcnstigten Jahrespaketen oder einem Sofortkauf, der kostenlose Upgrades, vorrangigen technischen Support und Zugriff auf alle Module beinhaltet. <em>Desde autoescuelas hasta flotas internacionales: planes adaptados a tu presupuesto y objetivos.<\/em><\/p>\t\t\t\t\t\t\t\t<\/div>\n\t\t\t\t<\/div>\n\t\t\t\t<div class=\"elementor-element elementor-element-8e1de57 elementor-align-center elementor-widget elementor-widget-button\" data-id=\"8e1de57\" data-element_type=\"widget\" data-widget_type=\"button.default\">\n\t\t\t\t<div class=\"elementor-widget-container\">\n\t\t\t\t\t\t\t\t\t<div class=\"elementor-button-wrapper\">\n\t\t\t\t\t<a class=\"elementor-button elementor-button-link elementor-size-sm\" href=\"https:\/\/www.simuladordeconduccion.com\/es\">\n\t\t\t\t\t\t<span class=\"elementor-button-content-wrapper\">\n\t\t\t\t\t\t\t\t\t<span class=\"elementor-button-text\">Pl\u00e4ne und Preise ansehen \u2192<\/span>\n\t\t\t\t\t<\/span>\n\t\t\t\t\t<\/a>\n\t\t\t\t<\/div>\n\t\t\t\t\t\t\t\t<\/div>\n\t\t\t\t<\/div>\n\t\t\t\t<\/div>\n\t\t\t\t\t<\/div>\n\t\t\t\t<\/div>\n\t\t<div class=\"elementor-element elementor-element-1eb133d e-flex e-con-boxed e-con e-parent\" data-id=\"1eb133d\" data-element_type=\"container\" data-settings=\"{&quot;background_background&quot;:&quot;classic&quot;}\">\n\t\t\t\t\t<div class=\"e-con-inner\">\n\t\t<div class=\"elementor-element elementor-element-e3ac7c6 e-con-full e-flex e-con e-child\" data-id=\"e3ac7c6\" data-element_type=\"container\">\n\t\t<div class=\"elementor-element elementor-element-a24c24b e-con-full e-flex e-con e-child\" data-id=\"a24c24b\" data-element_type=\"container\">\n\t\t<div class=\"elementor-element elementor-element-b8b5c9f e-con-full e-flex e-con e-child\" data-id=\"b8b5c9f\" data-element_type=\"container\">\n\t\t\t\t<div class=\"elementor-element elementor-element-70dabad elementor-widget elementor-widget-heading\" data-id=\"70dabad\" data-element_type=\"widget\" data-widget_type=\"heading.default\">\n\t\t\t\t<div class=\"elementor-widget-container\">\n\t\t\t\t\t<h2 class=\"elementor-heading-title elementor-size-default\">Passen Sie Ihr Simulationserlebnis an<\/h2>\t\t\t\t<\/div>\n\t\t\t\t<\/div>\n\t\t\t\t<div class=\"elementor-element elementor-element-d2ed683 elementor-widget elementor-widget-text-editor\" data-id=\"d2ed683\" data-element_type=\"widget\" data-widget_type=\"text-editor.default\">\n\t\t\t\t<div class=\"elementor-widget-container\">\n\t\t\t\t\t\t\t\t\t<p>Wir haben verschiedene Pl\u00e4ne, die allen Bed\u00fcrfnissen und Budgets gerecht werden. W\u00e4hlen Sie die Art des Simulators, die Software, die Sie ben\u00f6tigen, sowie das Fahrgestell, die Sitze und die Lenkr\u00e4der, um den Simulator zu vervollst\u00e4ndigen.<\/p>\t\t\t\t\t\t\t\t<\/div>\n\t\t\t\t<\/div>\n\t\t<div class=\"elementor-element elementor-element-f80638b e-con-full e-flex e-con e-child\" data-id=\"f80638b\" data-element_type=\"container\">\n\t\t<div class=\"elementor-element elementor-element-3d54b42 e-con-full e-flex e-con e-child\" data-id=\"3d54b42\" data-element_type=\"container\">\n\t\t\t\t<div class=\"elementor-element elementor-element-711efd6 elementor-view-default elementor-position-block-start elementor-mobile-position-block-start elementor-widget elementor-widget-icon-box\" data-id=\"711efd6\" data-element_type=\"widget\" data-widget_type=\"icon-box.default\">\n\t\t\t\t<div class=\"elementor-widget-container\">\n\t\t\t\t\t\t\t<div class=\"elementor-icon-box-wrapper\">\n\n\t\t\t\t\t\t<div class=\"elementor-icon-box-icon\">\n\t\t\t\t<a href=\"https:\/\/drivesimsimulator.com\/de\/soluciones\/vehiculo-ligero\/\" class=\"elementor-icon\" tabindex=\"-1\" aria-label=\"Leichtes Fahrzeug\">\n\t\t\t\t<i aria-hidden=\"true\" class=\"fas fa-car-side\"><\/i>\t\t\t\t<\/a>\n\t\t\t<\/div>\n\t\t\t\n\t\t\t\t\t\t<div class=\"elementor-icon-box-content\">\n\n\t\t\t\t\t\t\t\t\t<h4 class=\"elementor-icon-box-title\">\n\t\t\t\t\t\t<a href=\"https:\/\/drivesimsimulator.com\/de\/soluciones\/vehiculo-ligero\/\" >\n\t\t\t\t\t\t\tLeichtes Fahrzeug\t\t\t\t\t\t<\/a>\n\t\t\t\t\t<\/h4>\n\t\t\t\t\n\t\t\t\t\n\t\t\t<\/div>\n\t\t\t\n\t\t<\/div>\n\t\t\t\t\t\t<\/div>\n\t\t\t\t<\/div>\n\t\t\t\t<\/div>\n\t\t<div class=\"elementor-element elementor-element-af7e4dc e-con-full e-flex e-con e-child\" data-id=\"af7e4dc\" data-element_type=\"container\">\n\t\t\t\t<div class=\"elementor-element elementor-element-860f8ab elementor-view-default elementor-position-block-start elementor-mobile-position-block-start elementor-widget elementor-widget-icon-box\" data-id=\"860f8ab\" data-element_type=\"widget\" data-widget_type=\"icon-box.default\">\n\t\t\t\t<div class=\"elementor-widget-container\">\n\t\t\t\t\t\t\t<div class=\"elementor-icon-box-wrapper\">\n\n\t\t\t\t\t\t<div class=\"elementor-icon-box-icon\">\n\t\t\t\t<a href=\"https:\/\/drivesimsimulator.com\/de\/soluciones\/autobus\/\" class=\"elementor-icon\" tabindex=\"-1\" aria-label=\"Bus\">\n\t\t\t\t<i aria-hidden=\"true\" class=\"fas fa-bus\"><\/i>\t\t\t\t<\/a>\n\t\t\t<\/div>\n\t\t\t\n\t\t\t\t\t\t<div class=\"elementor-icon-box-content\">\n\n\t\t\t\t\t\t\t\t\t<h4 class=\"elementor-icon-box-title\">\n\t\t\t\t\t\t<a href=\"https:\/\/drivesimsimulator.com\/de\/soluciones\/autobus\/\" >\n\t\t\t\t\t\t\tBus\t\t\t\t\t\t<\/a>\n\t\t\t\t\t<\/h4>\n\t\t\t\t\n\t\t\t\t\n\t\t\t<\/div>\n\t\t\t\n\t\t<\/div>\n\t\t\t\t\t\t<\/div>\n\t\t\t\t<\/div>\n\t\t\t\t<\/div>\n\t\t<div class=\"elementor-element elementor-element-50bdaef e-con-full e-flex e-con e-child\" data-id=\"50bdaef\" data-element_type=\"container\">\n\t\t\t\t<div class=\"elementor-element elementor-element-7b96515 elementor-view-default elementor-position-block-start elementor-mobile-position-block-start elementor-widget elementor-widget-icon-box\" data-id=\"7b96515\" data-element_type=\"widget\" data-widget_type=\"icon-box.default\">\n\t\t\t\t<div class=\"elementor-widget-container\">\n\t\t\t\t\t\t\t<div class=\"elementor-icon-box-wrapper\">\n\n\t\t\t\t\t\t<div class=\"elementor-icon-box-icon\">\n\t\t\t\t<a href=\"https:\/\/drivesimsimulator.com\/de\/soluciones\/camion\/\" class=\"elementor-icon\" tabindex=\"-1\" aria-label=\"Lkw\">\n\t\t\t\t<i aria-hidden=\"true\" class=\"fas fa-truck-moving\"><\/i>\t\t\t\t<\/a>\n\t\t\t<\/div>\n\t\t\t\n\t\t\t\t\t\t<div class=\"elementor-icon-box-content\">\n\n\t\t\t\t\t\t\t\t\t<h4 class=\"elementor-icon-box-title\">\n\t\t\t\t\t\t<a href=\"https:\/\/drivesimsimulator.com\/de\/soluciones\/camion\/\" >\n\t\t\t\t\t\t\tLkw\t\t\t\t\t\t<\/a>\n\t\t\t\t\t<\/h4>\n\t\t\t\t\n\t\t\t\t\n\t\t\t<\/div>\n\t\t\t\n\t\t<\/div>\n\t\t\t\t\t\t<\/div>\n\t\t\t\t<\/div>\n\t\t\t\t<\/div>\n\t\t\t\t<\/div>\n\t\t\t\t<\/div>\n\t\t\t\t<\/div>\n\t\t\t\t<\/div>\n\t\t\t\t\t<\/div>\n\t\t\t\t<\/div>\n\t\t<div class=\"elementor-element elementor-element-1f01668 e-flex e-con-boxed e-con e-parent\" data-id=\"1f01668\" data-element_type=\"container\" data-settings=\"{&quot;background_background&quot;:&quot;classic&quot;}\">\n\t\t\t\t\t<div class=\"e-con-inner\">\n\t\t<div class=\"elementor-element elementor-element-943386a e-con-full e-flex e-con e-child\" data-id=\"943386a\" data-element_type=\"container\">\n\t\t<div class=\"elementor-element elementor-element-a44c7b9 e-con-full e-flex e-con e-child\" data-id=\"a44c7b9\" data-element_type=\"container\" data-settings=\"{&quot;background_background&quot;:&quot;classic&quot;}\">\n\t\t<div class=\"elementor-element elementor-element-888318d e-con-full e-flex e-con e-child\" data-id=\"888318d\" data-element_type=\"container\">\n\t\t<div class=\"elementor-element elementor-element-542162f e-con-full e-flex e-con e-child\" data-id=\"542162f\" data-element_type=\"container\">\n\t\t\t\t<div class=\"elementor-element elementor-element-2a47cfe elementor-widget elementor-widget-heading\" data-id=\"2a47cfe\" data-element_type=\"widget\" data-widget_type=\"heading.default\">\n\t\t\t\t<div class=\"elementor-widget-container\">\n\t\t\t\t\t<h2 class=\"elementor-heading-title elementor-size-default\">Encuentra el plan perfecto para tus necesidades\n<\/h2>\t\t\t\t<\/div>\n\t\t\t\t<\/div>\n\t\t\t\t<div class=\"elementor-element elementor-element-1621eed elementor-widget elementor-widget-text-editor\" data-id=\"1621eed\" data-element_type=\"widget\" data-widget_type=\"text-editor.default\">\n\t\t\t\t<div class=\"elementor-widget-container\">\n\t\t\t\t\t\t\t\t\t<p>Descubre nuestros planes y elige el que mejor se adapte a tus objetivos. \u00bfTienes dudas? Compara caracter\u00edsticas y aprovecha descuentos por contrataci\u00f3n anticipada.<\/p>\t\t\t\t\t\t\t\t<\/div>\n\t\t\t\t<\/div>\n\t\t<div class=\"elementor-element elementor-element-90eea75 e-con-full e-flex e-con e-child\" data-id=\"90eea75\" data-element_type=\"container\">\n\t\t\t\t<div class=\"elementor-element elementor-element-81af080 elementor-align-center elementor-widget elementor-widget-button\" data-id=\"81af080\" data-element_type=\"widget\" data-widget_type=\"button.default\">\n\t\t\t\t<div class=\"elementor-widget-container\">\n\t\t\t\t\t\t\t\t\t<div class=\"elementor-button-wrapper\">\n\t\t\t\t\t<a class=\"elementor-button elementor-button-link elementor-size-sm\" href=\"https:\/\/drivesimsimulator.com\/de\/contacto\/\">\n\t\t\t\t\t\t<span class=\"elementor-button-content-wrapper\">\n\t\t\t\t\t\t\t\t\t<span class=\"elementor-button-text\">Investieren in DriveSim<\/span>\n\t\t\t\t\t<\/span>\n\t\t\t\t\t<\/a>\n\t\t\t\t<\/div>\n\t\t\t\t\t\t\t\t<\/div>\n\t\t\t\t<\/div>\n\t\t\t\t<\/div>\n\t\t\t\t<\/div>\n\t\t\t\t<\/div>\n\t\t\t\t<\/div>\n\t\t\t\t<\/div>\n\t\t\t\t\t<\/div>\n\t\t\t\t<\/div>\n\t\t\t\t<\/div>","protected":false},"excerpt":{"rendered":"<p>Drivesim &#8211; Precios Soluciones flexibles para cada necesidad de formaci\u00f3n vial En DriveSim, dise\u00f1amos tarifas flexibles que se ajustan a tus necesidades sin letra peque\u00f1a, sin sorpresas. Elige entre licencias mensuales, paquetes anuales con descuento o compra definitiva, e incluye actualizaciones gratuitas, soporte t\u00e9cnico prioritario y acceso a todos los m\u00f3dulos. Desde autoescuelas hasta flotas [&hellip;]<\/p>\n","protected":false},"author":10,"featured_media":0,"parent":0,"menu_order":0,"comment_status":"closed","ping_status":"closed","template":"","meta":{"site-sidebar-layout":"no-sidebar","site-content-layout":"page-builder","ast-site-content-layout":"full-width-container","site-content-style":"default","site-sidebar-style":"default","ast-global-header-display":"","ast-banner-title-visibility":"","ast-main-header-display":"","ast-hfb-above-header-display":"","ast-hfb-below-header-display":"","ast-hfb-mobile-header-display":"","site-post-title":"disabled","ast-breadcrumbs-content":"","ast-featured-img":"disabled","footer-sml-layout":"","theme-transparent-header-meta":"","adv-header-id-meta":"","stick-header-meta":"","header-above-stick-meta":"","header-main-stick-meta":"","header-below-stick-meta":"","astra-migrate-meta-layouts":"set","ast-page-background-enabled":"default","ast-page-background-meta":{"desktop":{"background-color":"","background-image":"","background-repeat":"repeat","background-position":"center center","background-size":"auto","background-attachment":"scroll","background-type":"","background-media":"","overlay-type":"","overlay-color":"","overlay-opacity":"","overlay-gradient":""},"tablet":{"background-color":"","background-image":"","background-repeat":"repeat","background-position":"center center","background-size":"auto","background-attachment":"scroll","background-type":"","background-media":"","overlay-type":"","overlay-color":"","overlay-opacity":"","overlay-gradient":""},"mobile":{"background-color":"","background-image":"","background-repeat":"repeat","background-position":"center center","background-size":"auto","background-attachment":"scroll","background-type":"","background-media":"","overlay-type":"","overlay-color":"","overlay-opacity":"","overlay-gradient":""}},"ast-content-background-meta":{"desktop":{"background-color":"var(--ast-global-color-5)","background-image":"","background-repeat":"repeat","background-position":"center center","background-size":"auto","background-attachment":"scroll","background-type":"","background-media":"","overlay-type":"","overlay-color":"","overlay-opacity":"","overlay-gradient":""},"tablet":{"background-color":"var(--ast-global-color-5)","background-image":"","background-repeat":"repeat","background-position":"center center","background-size":"auto","background-attachment":"scroll","background-type":"","background-media":"","overlay-type":"","overlay-color":"","overlay-opacity":"","overlay-gradient":""},"mobile":{"background-color":"var(--ast-global-color-5)","background-image":"","background-repeat":"repeat","background-position":"center center","background-size":"auto","background-attachment":"scroll","background-type":"","background-media":"","overlay-type":"","overlay-color":"","overlay-opacity":"","overlay-gradient":""}},"footnotes":""},"class_list":["post-9131","page","type-page","status-publish","hentry"],"_links":{"self":[{"href":"https:\/\/drivesimsimulator.com\/de\/wp-json\/wp\/v2\/pages\/9131","targetHints":{"allow":["GET"]}}],"collection":[{"href":"https:\/\/drivesimsimulator.com\/de\/wp-json\/wp\/v2\/pages"}],"about":[{"href":"https:\/\/drivesimsimulator.com\/de\/wp-json\/wp\/v2\/types\/page"}],"author":[{"embeddable":true,"href":"https:\/\/drivesimsimulator.com\/de\/wp-json\/wp\/v2\/users\/10"}],"replies":[{"embeddable":true,"href":"https:\/\/drivesimsimulator.com\/de\/wp-json\/wp\/v2\/comments?post=9131"}],"version-history":[{"count":21,"href":"https:\/\/drivesimsimulator.com\/de\/wp-json\/wp\/v2\/pages\/9131\/revisions"}],"predecessor-version":[{"id":14209,"href":"https:\/\/drivesimsimulator.com\/de\/wp-json\/wp\/v2\/pages\/9131\/revisions\/14209"}],"wp:attachment":[{"href":"https:\/\/drivesimsimulator.com\/de\/wp-json\/wp\/v2\/media?parent=9131"}],"curies":[{"name":"wp","href":"https:\/\/api.w.org\/{rel}","templated":true}]}}